{"id":766,"date":"2025-11-23T12:38:55","date_gmt":"2025-11-23T11:38:55","guid":{"rendered":"https:\/\/www.vivonslacanau.fr\/?page_id=766"},"modified":"2025-11-23T12:38:55","modified_gmt":"2025-11-23T11:38:55","slug":"mentions-legales","status":"publish","type":"page","link":"https:\/\/www.vivonslacanau.fr\/index.php\/mentions-legales\/","title":{"rendered":"Mentions L\u00e9gales"},"content":{"rendered":"\n<p>Mentions L\u00e9gales du Collectif Vivons Lacanau<\/p>\n\n\n\n<p>Le pr\u00e9sent site Web est \u00e9dit\u00e9 par le Collectif Vivons Lacanau (vivonslacanau2026@gmail.com)<\/p>\n\n\n\n<p>Le directeur de la publication du site Web est Monsieur Laurent Peyrondet<\/p>\n\n\n\n<p>Le prestataire assurant le stockage direct et permanent est : OVH &#8211;&nbsp;<a href=\"https:\/\/www.ovh.com\/fr\/\" target=\"_blank\" rel=\"noreferrer noopener\">https:\/\/www.ovh.com\/fr\/<\/a><\/p>\n\n\n\n<p>Propri\u00e9t\u00e9 intellectuelle :<\/p>\n\n\n\n<p>Le site est une \u0153uvre de l&rsquo;esprit prot\u00e9g\u00e9 par le droit de la propri\u00e9t\u00e9 intellectuelle. Le site et chacun des \u00e9l\u00e9ments qui le composent (tels que les marques d\u00e9pos\u00e9es, les logos, les noms de domaine, les textes&#8230;) sont la propri\u00e9t\u00e9 exclusive du Collectif Vivons Lacanau, seule habilit\u00e9e \u00e0 utiliser les droits de propri\u00e9t\u00e9 intellectuelle. En acc\u00e9dant au site, il est donc conc\u00e9d\u00e9 \u00e0 l&rsquo;utilisateur une licence d&rsquo;utilisation limit\u00e9e du contenu du site, non exclusive et pour son usage priv\u00e9 uniquement. Ainsi, la reproduction de tous documents publi\u00e9s sur le site est seulement autoris\u00e9e aux fins exclusives d&rsquo;information et pour un usage strictement personnel et priv\u00e9. Il est pr\u00e9cis\u00e9 que les photos figurant dans le descriptif sont seulement descriptives et non contractuelles. Toute reproduction, modification int\u00e9grale ou partielle du site ou de l&rsquo;un quelconque des \u00e9l\u00e9ments qui le composent, sur quelque support que ce soit, \u00e0 d&rsquo;autres fins, que l&rsquo;usage personnel et priv\u00e9, et notamment commerciales, est express\u00e9ment interdite, \u00e0 moins d&rsquo;avoir obtenu l&rsquo;autorisation \u00e9crite et pr\u00e9alable\u00a0du Collectif Vivons Lacanau<\/p>\n\n\n\n<p>Donn\u00e9es personnelles :<\/p>\n\n\n\n<p>Soucieux du respect de la vie priv\u00e9e du client et de la protection des informations transmises par l&rsquo;utilisateur,\u00a0le Collectif Vivons Lacanau\u00a0respecte la l\u00e9gislation en vigueur en mati\u00e8re de protection de la vie priv\u00e9e. Conform\u00e9ment \u00e0 la loi n\u00b078-17 du 6 janvier 1978, dite \u00abInformatique et libert\u00e9s\u00bb. le\u00a0Collectif Vivons Lacanau\u00a0pourra adresser \u00e0 l&rsquo;utilisateur, par courrier \u00e9lectronique dit de \u00ab\u00a0prospection\u00a0\u00bb, des informations permettant \u00e0 l&rsquo;utilisateur de mieux conna\u00eetre le site, de mieux l&rsquo;utiliser et de mieux conna\u00eetre les offres propos\u00e9e. Sous r\u00e9serve d&rsquo;avoir obtenu son consentement pr\u00e9alable, le\u00a0Collectif Vivons Lacanau\u00a0pourra \u00e9galement \u00eatre amen\u00e9e \u00e0 transf\u00e9rer des donn\u00e9es concernant l&rsquo;utilisateur \u00e0 des tiers parmi lesquels figurent ses partenaires. L&rsquo;utilisateur dispose d&rsquo;un droit d&rsquo;acc\u00e8s, de rectification et de suppression des donn\u00e9es personnelles le concernant. Le client peut exercer ce droit en envoyant un courrier \u00e9lectronique au\u00a0Collectif Vivons Lacanau.<\/p>\n\n\n\n<p>Utilisation du Site :<\/p>\n\n\n\n<p>Le Collectif Vivons Lacanau\u00a0s&rsquo;efforce, au mieux de ses possibilit\u00e9s, de mettre \u00e0 jour le contenu du site et de d\u00e9livrer aux utilisateurs des informations exactes et les plus pr\u00e9cises et compl\u00e8tes possible. Toutefois, il pourra arriver que certaines informations pr\u00e9sentes sur le site soient d\u00e9su\u00e8tes ou inexactes.\u00a0Le\u00a0Collectif Vivons Lacanau\u00a0se r\u00e9serve le droit, \u00e0 tout moment et sans pr\u00e9avis, de mettre \u00e0 jour ou supprimer tout ou partie du contenu de ce site, notamment afin de respecter toute nouvelle r\u00e9glementation ou l\u00e9gislation.<\/p>\n\n\n\n<p>Responsabilit\u00e9 :<\/p>\n\n\n\n<p>Le\u00a0Collectif Vivons Lacanau\u00a0s&rsquo;efforce de maintenir accessible le site, sans pour autant \u00eatre tenue \u00e0 aucune obligation d&rsquo;y parvenir et de r\u00e9sultat. Il est pr\u00e9cis\u00e9 qu&rsquo;\u00e0 des fins notamment de maintenance, de mise \u00e0 jour, et pour toutes autres raisons notamment d&rsquo;ordre technique, ind\u00e9pendante de la volont\u00e9 du\u00a0Collectif Vivons Lacanau, telles que la coupure de r\u00e9seaux t\u00e9l\u00e9phoniques, la surcharge du site, une panne&#8230;, l&rsquo;acc\u00e8s au site pourra \u00eatre interrompu.\u00a0Le\u00a0Collectif Vivons Lacanau n&rsquo;est, par cons\u00e9quent, en aucun cas responsable de ces interruptions et des cons\u00e9quences qui peuvent en r\u00e9sulter pour l&rsquo;utilisateur.\u00a0Le\u00a0Collectif Vivons Lacanau\u00a0ne pourra voir sa responsabilit\u00e9 engag\u00e9e quant aux dommages r\u00e9sultant de virus, de l&rsquo;intrusion frauduleuse d&rsquo;un tiers ayant entrain\u00e9 une modification des dites donn\u00e9es, de bugs, quels qu&rsquo;en soit la forme, de tout programme ou application qui serait incompatible avec le mat\u00e9riel ou les logiciels utilis\u00e9s par l&rsquo;utilisateur et quant aux dommages subis par l&rsquo;utilisateur par le fait d&rsquo;une n\u00e9gligence ou faute de sa part ou de tout tiers.<\/p>\n\n\n\n<p>Droit applicable :<\/p>\n\n\n\n<p>La loi r\u00e9gissant les pr\u00e9sentes conditions d&rsquo;utilisation du site est la loi fran\u00e7aise pour tous les litiges relatifs, notamment, \u00e0 leur validit\u00e9, leur interpr\u00e9tation, leur ex\u00e9cution ou leur r\u00e9siliation. Tout litige relatif notamment \u00e0 l&rsquo;interpr\u00e9tation des mentions l\u00e9gales rel\u00e8ve de la comp\u00e9tence pleine et enti\u00e8re des tribunaux fran\u00e7ais.<\/p>\n","protected":false},"excerpt":{"rendered":"<p>Mentions L\u00e9gales du Collectif Vivons Lacanau Le pr\u00e9sent site Web est \u00e9dit\u00e9 par le Collectif Vivons Lacanau (vivonslacanau2026@gmail.com) Le directeur de la publication du site Web est Monsieur Laurent Peyrondet Le prestataire assurant le stockage direct et permanent est : OVH &#8211;&nbsp;https:\/\/www.ovh.com\/fr\/ Propri\u00e9t\u00e9 intellectuelle : Le site est une \u0153uvre de l&rsquo;esprit prot\u00e9g\u00e9 par le &hellip; <\/p>\n<p class=\"link-more\"><a href=\"https:\/\/www.vivonslacanau.fr\/index.php\/mentions-legales\/\" class=\"more-link\">Continuer la lecture<span class=\"screen-reader-text\"> de &laquo;&nbsp;Mentions L\u00e9gales&nbsp;&raquo;<\/span><\/a><\/p>\n","protected":false},"author":3,"featured_media":0,"parent":0,"menu_order":0,"comment_status":"closed","ping_status":"closed","template":"","meta":{"footnotes":""},"class_list":["post-766","page","type-page","status-publish","hentry"],"_links":{"self":[{"href":"https:\/\/www.vivonslacanau.fr\/index.php\/wp-json\/wp\/v2\/pages\/766","targetHints":{"allow":["GET"]}}],"collection":[{"href":"https:\/\/www.vivonslacanau.fr\/index.php\/wp-json\/wp\/v2\/pages"}],"about":[{"href":"https:\/\/www.vivonslacanau.fr\/index.php\/wp-json\/wp\/v2\/types\/page"}],"author":[{"embeddable":true,"href":"https:\/\/www.vivonslacanau.fr\/index.php\/wp-json\/wp\/v2\/users\/3"}],"replies":[{"embeddable":true,"href":"https:\/\/www.vivonslacanau.fr\/index.php\/wp-json\/wp\/v2\/comments?post=766"}],"version-history":[{"count":1,"href":"https:\/\/www.vivonslacanau.fr\/index.php\/wp-json\/wp\/v2\/pages\/766\/revisions"}],"predecessor-version":[{"id":767,"href":"https:\/\/www.vivonslacanau.fr\/index.php\/wp-json\/wp\/v2\/pages\/766\/revisions\/767"}],"wp:attachment":[{"href":"https:\/\/www.vivonslacanau.fr\/index.php\/wp-json\/wp\/v2\/media?parent=766"}],"curies":[{"name":"wp","href":"https:\/\/api.w.org\/{rel}","templated":true}]}}